{"id":5489,"date":"2023-05-22T19:57:35","date_gmt":"2023-05-22T19:57:35","guid":{"rendered":"https:\/\/www.factohair.com\/?page_id=5489"},"modified":"2026-02-09T12:58:05","modified_gmt":"2026-02-09T12:58:05","slug":"contactos","status":"publish","type":"page","link":"https:\/\/www.factohair.com\/pt-pt\/contactos\/","title":{"rendered":"Contactos"},"content":{"rendered":"<p>[vc_row content_placement=&#8221;top&#8221; row_content_width=&#8221;grid&#8221; content_text_aligment=&#8221;left&#8221; css=&#8221;.vc_custom_1524747980932{padding-top: 139px !important;padding-bottom: 49px !important;}&#8221;][vc_column offset=&#8221;vc_col-lg-offset-0 vc_col-lg-5 vc_col-md-offset-0 vc_col-md-12 vc_col-sm-offset-0 vc_col-xs-12&#8243; css=&#8221;.vc_custom_1526029383754{padding-right: 10% !important;}&#8221;]<div class=\"mkdf-google-map-holder\">\n    <div class=\"mkdf-google-map\" id=\"mkdf-map-331601\" data-addresses='[\"Rua do Norte, 40-42 1200-286 Lisboa, Portugal\"]' data-custom-map-style=no data-color-overlay=#393939 data-saturation=-100 data-lightness=-60 data-zoom=16 data-pin=https:\/\/www.factohair.com\/wp-content\/themes\/curly\/assets\/img\/pin.png data-unique-id=331601 data-scroll-wheel=no data-height=450 ><\/div>\n                <div class=\"mkdf-google-map-overlay\"><\/div>\n    <\/div>\n[\/vc_column][vc_column offset=&#8221;vc_col-lg-6 vc_col-md-12&#8243;][vc_column_text]<\/p>\n<h4>FACTOHAIR BAIRRO ALTO<\/h4>\n<p>[\/vc_column_text][vc_column_text]Localizado no cora\u00e7\u00e3o de Lisboa, mesmo \u00e0 sa\u00edda da Pra\u00e7a Lu\u00eds de Cam\u00f5es, n\u00e3o deixe de nos visitar quando se desloca ao Chiado. Pode chegar ao nosso sal\u00e3o de metro (Baixa Chiado), el\u00e9trico 28 e 24 (Cam\u00f5es), autocarro 758 (Rua da Miseric\u00f3rdia), t\u00e1xi ou Uber. Se trouxer o seu pr\u00f3prio ve\u00edculo, h\u00e1 o parque de estacionamento mesmo \u00e0 sa\u00edda, na Pra\u00e7a Lu\u00eds de Cam\u00f5es onde pode reservar o seu lugar com anteced\u00eancia.[\/vc_column_text]<div class=\"mkdf-elements-holder   mkdf-one-column  mkdf-responsive-mode-768 \" ><div class=\"mkdf-eh-item    \"  data-item-class=\"mkdf-eh-custom-5444\" data-1366-1600=\"43px 59% 65px 0px\" data-1024-1366=\"43px 47% 55px 0px\" data-768-1024=\"43px 66% 55px 0px\" data-680-768=\"43px 54% 55px 0px\" data-680=\"43px 0% 55px 0px\">\n    <div class=\"mkdf-eh-item-inner\">\n        <div class=\"mkdf-eh-item-content mkdf-eh-custom-5444\" style=\"padding: 43px 56% 65px 0px\">\n            <div class=\"mkdf-iwt clearfix  mkdf-iwt-icon-left mkdf-iwt-icon-small\">\n    <div class=\"mkdf-iwt-icon\">\n                                        <span class=\"mkdf-icon-shortcode mkdf-normal   mkdf-icon-small\"  >\n                    <i class=\"mkdf-icon-font-awesome fa fa-map-marker mkdf-icon-element\" style=\"font-size:20px\" ><\/i>                <\/span>\n                                <\/div>\n    <div class=\"mkdf-iwt-content\" style=\"padding-left: 23px\">\n                    <p class=\"mkdf-iwt-text\" style=\"margin-top: 5px\">Rua do Norte, 40-42 1200-286 Lisboa<\/p>\n    <\/div>\n<\/div><div class=\"mkdf-iwt clearfix  mkdf-iwt-icon-left mkdf-iwt-icon-small\">\n    <div class=\"mkdf-iwt-icon\">\n                <a itemprop=\"url\" href=\"https:\/\/www.waze.com\/ul?ll=38.711351,-9.143689\" target=\"_blank\">\n                                            <span class=\"mkdf-icon-shortcode mkdf-normal   mkdf-icon-small\"  >\n                    <i class=\"mkdf-icon-font-awesome fa fa-map-pin mkdf-icon-element\" style=\"font-size:25px\" ><\/i>                <\/span>\n                                    <\/a>\n        <\/div>\n    <div class=\"mkdf-iwt-content\" style=\"padding-left: 19px\">\n                <h4 class=\"mkdf-iwt-title\" >\n                <a itemprop=\"url\" href=\"https:\/\/www.waze.com\/ul?ll=38.711351,-9.143689\" target=\"_blank\">\n                        <span class=\"mkdf-iwt-title-text\">Waze<\/span>\n                    <\/a>\n        <\/h4>\n        <\/div>\n<\/div>[vc_empty_space height=&#8221;21px&#8221;]<div class=\"mkdf-iwt clearfix  mkdf-iwt-icon-left mkdf-iwt-icon-small\">\n    <div class=\"mkdf-iwt-icon\">\n                <a itemprop=\"url\" href=\"tel:00351213478821\" target=\"_self\">\n                                            <span class=\"mkdf-icon-shortcode mkdf-normal   mkdf-icon-small\"  >\n                    <i class=\"mkdf-icon-font-awesome fa fa-phone mkdf-icon-element\" style=\"font-size:20px\" ><\/i>                <\/span>\n                                    <\/a>\n        <\/div>\n    <div class=\"mkdf-iwt-content\" style=\"padding-left: 19px\">\n                <h4 class=\"mkdf-iwt-title\" >\n                <a itemprop=\"url\" href=\"tel:00351213478821\" target=\"_self\">\n                        <span class=\"mkdf-iwt-title-text\">00 351 21 347 88 21<\/span>\n                    <\/a>\n        <\/h4>\n        <\/div>\n<\/div><div class=\"mkdf-iwt clearfix  mkdf-iwt-icon-left mkdf-iwt-icon-small\">\n    <div class=\"mkdf-iwt-icon\">\n                <a itemprop=\"url\" href=\"tel:00351969846545\" target=\"_self\">\n                                            <span class=\"mkdf-icon-shortcode mkdf-normal   mkdf-icon-small\"  >\n                    <i class=\"mkdf-icon-font-awesome fa fa-phone mkdf-icon-element\" style=\"font-size:20px\" ><\/i>                <\/span>\n                                    <\/a>\n        <\/div>\n    <div class=\"mkdf-iwt-content\" style=\"padding-left: 19px\">\n                <h4 class=\"mkdf-iwt-title\" >\n                <a itemprop=\"url\" href=\"tel:00351969846545\" target=\"_self\">\n                        <span class=\"mkdf-iwt-title-text\">00 351 969 84 65 45<\/span>\n                    <\/a>\n        <\/h4>\n        <\/div>\n<\/div><div class=\"mkdf-iwt clearfix  mkdf-iwt-icon-left mkdf-iwt-icon-small\">\n    <div class=\"mkdf-iwt-icon\">\n                <a itemprop=\"url\" href=\"https:\/\/wa.me\/351969846545\" target=\"_blank\">\n                                            <span class=\"mkdf-icon-shortcode mkdf-normal   mkdf-icon-small\"  data-color=\"#25d366\">\n                    <i class=\"mkdf-icon-font-awesome fa fa-whatsapp mkdf-icon-element\" style=\"color: #25d366;font-size:20px\" ><\/i>                <\/span>\n                                    <\/a>\n        <\/div>\n    <div class=\"mkdf-iwt-content\" style=\"padding-left: 19px\">\n                <h4 class=\"mkdf-iwt-title\" style=\"color: #25d366\">\n                <a itemprop=\"url\" href=\"https:\/\/wa.me\/351969846545\" target=\"_blank\">\n                        <span class=\"mkdf-iwt-title-text\">00 351 969 84 65 45<\/span>\n                    <\/a>\n        <\/h4>\n        <\/div>\n<\/div>        <\/div>\n    <\/div>\n<\/div><\/div>[\/vc_column][\/vc_row][vc_row content_placement=&#8221;middle&#8221; el_id=&#8221;button_book&#8221;][vc_column width=&#8221;1\/4&#8243;][\/vc_column][vc_column width=&#8221;1\/2&#8243; el_class=&#8221;centercolumn&#8221;]<a itemprop=\"url\" href=\"https:\/\/pt.zappysoftware.com\/m\/factohair\" target=\"_blank\" style=\"background-color: #dd3333\" class=\"mkdf-btn mkdf-btn-large mkdf-btn-solid mkdf-btn-custom-hover-bg\" data-hover-bg-color=\"#dd3333\" >\n    <span class=\"mkdf-btn-text\">MARCA\u00c7\u00d5ES ONLINE FACTO Bairro Alto<\/span>\n    <\/a>[vc_empty_space height=&#8221;65px&#8221;][\/vc_column][vc_column width=&#8221;1\/4&#8243;][\/vc_column][\/vc_row]<\/p>\n","protected":false},"excerpt":{"rendered":"<p>[vc_row content_placement=&#8221;top&#8221; row_content_width=&#8221;grid&#8221; content_text_aligment=&#8221;left&#8221; css=&#8221;.vc_custom_1524747980932{padding-top: 139px !important;padding-bottom: 49px !important;}&#8221;][vc_column offset=&#8221;vc_col-lg-offset-0 vc_col-lg-5 vc_col-md-offset-0 vc_col-md-12 vc_col-sm-offset-0 vc_col-xs-12&#8243; css=&#8221;.vc_custom_1526029383754{padding-right: 10% !important;}&#8221;][\/vc_column][vc_column offset=&#8221;vc_col-lg-6 vc_col-md-12&#8243;][vc_column_text] FACTOHAIR BAIRRO ALTO [\/vc_column_text][vc_column_text]Localizado no cora\u00e7\u00e3o de Lisboa, mesmo \u00e0 sa\u00edda da Pra\u00e7a Lu\u00eds de Cam\u00f5es, n\u00e3o deixe de nos [&hellip;]<\/p>\n","protected":false},"author":1,"featured_media":0,"parent":0,"menu_order":0,"comment_status":"closed","ping_status":"closed","template":"full-width.php","meta":{"footnotes":""},"class_list":["post-5489","page","type-page","status-publish","hentry"],"yoast_head":"<!-- This site is optimized with the Yoast SEO plugin v22.4 - https:\/\/yoast.com\/wordpress\/plugins\/seo\/ -->\n<title>Contactos - Facto Hair<\/title>\n<meta name=\"robots\" content=\"index, follow, max-snippet:-1, max-image-preview:large, max-video-preview:-1\" \/>\n<link rel=\"canonical\" href=\"https:\/\/www.factohair.com\/pt-pt\/contactos\/\" \/>\n<meta property=\"og:locale\" content=\"pt_PT\" \/>\n<meta property=\"og:type\" content=\"article\" \/>\n<meta property=\"og:title\" content=\"Contactos - Facto Hair\" \/>\n<meta property=\"og:description\" content=\"[vc_row content_placement=&#8221;top&#8221; row_content_width=&#8221;grid&#8221; content_text_aligment=&#8221;left&#8221; css=&#8221;.vc_custom_1524747980932{padding-top: 139px !important;padding-bottom: 49px !important;}&#8221;][vc_column offset=&#8221;vc_col-lg-offset-0 vc_col-lg-5 vc_col-md-offset-0 vc_col-md-12 vc_col-sm-offset-0 vc_col-xs-12&#8243; css=&#8221;.vc_custom_1526029383754{padding-right: 10% !important;}&#8221;][\/vc_column][vc_column offset=&#8221;vc_col-lg-6 vc_col-md-12&#8243;][vc_column_text] FACTOHAIR BAIRRO ALTO [\/vc_column_text][vc_column_text]Localizado no cora\u00e7\u00e3o de Lisboa, mesmo \u00e0 sa\u00edda da Pra\u00e7a Lu\u00eds de Cam\u00f5es, n\u00e3o deixe de nos [&hellip;]\" \/>\n<meta property=\"og:url\" content=\"https:\/\/www.factohair.com\/pt-pt\/contactos\/\" \/>\n<meta property=\"og:site_name\" content=\"Facto Hair\" \/>\n<meta property=\"article:modified_time\" content=\"2026-02-09T12:58:05+00:00\" \/>\n<meta name=\"twitter:card\" content=\"summary_large_image\" \/>\n<meta name=\"twitter:label1\" content=\"Tempo estimado de leitura\" \/>\n\t<meta name=\"twitter:data1\" content=\"1 minuto\" \/>\n<script type=\"application\/ld+json\" class=\"yoast-schema-graph\">{\"@context\":\"https:\/\/schema.org\",\"@graph\":[{\"@type\":\"WebPage\",\"@id\":\"https:\/\/www.factohair.com\/pt-pt\/contactos\/\",\"url\":\"https:\/\/www.factohair.com\/pt-pt\/contactos\/\",\"name\":\"Contactos - Facto Hair\",\"isPartOf\":{\"@id\":\"https:\/\/www.factohair.com\/pt-pt\/#website\"},\"datePublished\":\"2023-05-22T19:57:35+00:00\",\"dateModified\":\"2026-02-09T12:58:05+00:00\",\"breadcrumb\":{\"@id\":\"https:\/\/www.factohair.com\/pt-pt\/contactos\/#breadcrumb\"},\"inLanguage\":\"pt-PT\",\"potentialAction\":[{\"@type\":\"ReadAction\",\"target\":[\"https:\/\/www.factohair.com\/pt-pt\/contactos\/\"]}]},{\"@type\":\"BreadcrumbList\",\"@id\":\"https:\/\/www.factohair.com\/pt-pt\/contactos\/#breadcrumb\",\"itemListElement\":[{\"@type\":\"ListItem\",\"position\":1,\"name\":\"Home\",\"item\":\"https:\/\/www.factohair.com\/pt-pt\/\"},{\"@type\":\"ListItem\",\"position\":2,\"name\":\"Contactos\"}]},{\"@type\":\"WebSite\",\"@id\":\"https:\/\/www.factohair.com\/pt-pt\/#website\",\"url\":\"https:\/\/www.factohair.com\/pt-pt\/\",\"name\":\"Facto Hair\",\"description\":\"\",\"potentialAction\":[{\"@type\":\"SearchAction\",\"target\":{\"@type\":\"EntryPoint\",\"urlTemplate\":\"https:\/\/www.factohair.com\/pt-pt\/?s={search_term_string}\"},\"query-input\":\"required name=search_term_string\"}],\"inLanguage\":\"pt-PT\"}]}<\/script>\n<!-- \/ Yoast SEO plugin. -->","yoast_head_json":{"title":"Contactos - Facto Hair","robots":{"index":"index","follow":"follow","max-snippet":"max-snippet:-1","max-image-preview":"max-image-preview:large","max-video-preview":"max-video-preview:-1"},"canonical":"https:\/\/www.factohair.com\/pt-pt\/contactos\/","og_locale":"pt_PT","og_type":"article","og_title":"Contactos - Facto Hair","og_description":"[vc_row content_placement=&#8221;top&#8221; row_content_width=&#8221;grid&#8221; content_text_aligment=&#8221;left&#8221; css=&#8221;.vc_custom_1524747980932{padding-top: 139px !important;padding-bottom: 49px !important;}&#8221;][vc_column offset=&#8221;vc_col-lg-offset-0 vc_col-lg-5 vc_col-md-offset-0 vc_col-md-12 vc_col-sm-offset-0 vc_col-xs-12&#8243; css=&#8221;.vc_custom_1526029383754{padding-right: 10% !important;}&#8221;][\/vc_column][vc_column offset=&#8221;vc_col-lg-6 vc_col-md-12&#8243;][vc_column_text] FACTOHAIR BAIRRO ALTO [\/vc_column_text][vc_column_text]Localizado no cora\u00e7\u00e3o de Lisboa, mesmo \u00e0 sa\u00edda da Pra\u00e7a Lu\u00eds de Cam\u00f5es, n\u00e3o deixe de nos [&hellip;]","og_url":"https:\/\/www.factohair.com\/pt-pt\/contactos\/","og_site_name":"Facto Hair","article_modified_time":"2026-02-09T12:58:05+00:00","twitter_card":"summary_large_image","twitter_misc":{"Tempo estimado de leitura":"1 minuto"},"schema":{"@context":"https:\/\/schema.org","@graph":[{"@type":"WebPage","@id":"https:\/\/www.factohair.com\/pt-pt\/contactos\/","url":"https:\/\/www.factohair.com\/pt-pt\/contactos\/","name":"Contactos - Facto Hair","isPartOf":{"@id":"https:\/\/www.factohair.com\/pt-pt\/#website"},"datePublished":"2023-05-22T19:57:35+00:00","dateModified":"2026-02-09T12:58:05+00:00","breadcrumb":{"@id":"https:\/\/www.factohair.com\/pt-pt\/contactos\/#breadcrumb"},"inLanguage":"pt-PT","potentialAction":[{"@type":"ReadAction","target":["https:\/\/www.factohair.com\/pt-pt\/contactos\/"]}]},{"@type":"BreadcrumbList","@id":"https:\/\/www.factohair.com\/pt-pt\/contactos\/#breadcrumb","itemListElement":[{"@type":"ListItem","position":1,"name":"Home","item":"https:\/\/www.factohair.com\/pt-pt\/"},{"@type":"ListItem","position":2,"name":"Contactos"}]},{"@type":"WebSite","@id":"https:\/\/www.factohair.com\/pt-pt\/#website","url":"https:\/\/www.factohair.com\/pt-pt\/","name":"Facto Hair","description":"","potentialAction":[{"@type":"SearchAction","target":{"@type":"EntryPoint","urlTemplate":"https:\/\/www.factohair.com\/pt-pt\/?s={search_term_string}"},"query-input":"required name=search_term_string"}],"inLanguage":"pt-PT"}]}},"_links":{"self":[{"href":"https:\/\/www.factohair.com\/pt-pt\/wp-json\/wp\/v2\/pages\/5489","targetHints":{"allow":["GET"]}}],"collection":[{"href":"https:\/\/www.factohair.com\/pt-pt\/wp-json\/wp\/v2\/pages"}],"about":[{"href":"https:\/\/www.factohair.com\/pt-pt\/wp-json\/wp\/v2\/types\/page"}],"author":[{"embeddable":true,"href":"https:\/\/www.factohair.com\/pt-pt\/wp-json\/wp\/v2\/users\/1"}],"replies":[{"embeddable":true,"href":"https:\/\/www.factohair.com\/pt-pt\/wp-json\/wp\/v2\/comments?post=5489"}],"version-history":[{"count":10,"href":"https:\/\/www.factohair.com\/pt-pt\/wp-json\/wp\/v2\/pages\/5489\/revisions"}],"predecessor-version":[{"id":6617,"href":"https:\/\/www.factohair.com\/pt-pt\/wp-json\/wp\/v2\/pages\/5489\/revisions\/6617"}],"wp:attachment":[{"href":"https:\/\/www.factohair.com\/pt-pt\/wp-json\/wp\/v2\/media?parent=5489"}],"curies":[{"name":"wp","href":"https:\/\/api.w.org\/{rel}","templated":true}]}}