{"id":5492,"date":"2018-04-03T09:00:22","date_gmt":"2018-04-03T09:00:22","guid":{"rendered":"https:\/\/www.factohair.com\/?page_id=5492"},"modified":"2026-02-09T12:53:56","modified_gmt":"2026-02-09T12:53:56","slug":"lista-de-precos","status":"publish","type":"page","link":"https:\/\/www.factohair.com\/pt-pt\/lista-de-precos\/","title":{"rendered":"Lista de Pre\u00e7os"},"content":{"rendered":"<p>[vc_row content_placement=&#8221;top&#8221; row_content_width=&#8221;grid&#8221; css=&#8221;.vc_custom_1681952603076{padding-top: 138px !important;}&#8221; simple_background_color=&#8221;#f7f8f9&#8243;][vc_column offset=&#8221;vc_col-lg-offset-0 vc_col-lg-5 vc_col-md-offset-0 vc_col-md-12 vc_col-sm-offset-0 vc_col-xs-12&#8243;]<div class=\"mkdf-single-image-holder   \">\n    <div class=\"mkdf-si-inner\" >\n                                            <img loading=\"lazy\" decoding=\"async\" width=\"550\" height=\"367\" src=\"https:\/\/www.factohair.com\/wp-content\/uploads\/2023\/04\/4.jpg\" class=\"attachment-full size-full\" alt=\"\" srcset=\"https:\/\/www.factohair.com\/wp-content\/uploads\/2023\/04\/4.jpg 550w, https:\/\/www.factohair.com\/wp-content\/uploads\/2023\/04\/4-300x200.jpg 300w\" sizes=\"auto, (max-width: 550px) 100vw, 550px\" \/>                                    <\/div>\n<\/div>[vc_empty_space height=&#8221;16px&#8221;][\/vc_column][vc_column offset=&#8221;vc_col-lg-offset-0 vc_col-lg-7 vc_col-md-offset-0 vc_col-md-12 vc_col-sm-offset-0 vc_col-xs-12&#8243; css=&#8221;.vc_custom_1522846078380{margin-top: -11px !important;padding-left: 20px !important;}&#8221;][vc_column_text]<\/p>\n<h4><strong>CORTE DE CABELO FACTO SIGNATURE<\/strong><\/h4>\n<p>Inclui Shampoo, Corte, Brushing e Styling<br \/>\n<strong>60 min<\/strong><\/p>\n<p><strong>MANAGING\u00a0 DIRECTOR<\/strong><br \/>\n<strong><em>Antony Millard<\/em><\/strong><br \/>\nMulher <strong>60\u20ac<\/strong><br \/>\nHomem <strong>46\u20ac<\/strong><\/p>\n<p><strong>CREATIVE TOP STYLISTS<\/strong><br \/>\nMulher <strong>55\u20ac<\/strong><br \/>\nHomem <strong>40\u20ac<\/strong><\/p>\n<p><strong>CREATIVE STYLISTS<\/strong><br \/>\nMulher <strong>50\u20ac<\/strong><br \/>\nHomem <strong>36\u20ac<\/strong><\/p>\n<p><strong>STYLISTS<\/strong><br \/>\nMulher <strong>45\u20ac<\/strong><br \/>\nHomem <strong>33\u20ac<\/strong>[\/vc_column_text][\/vc_column][\/vc_row][vc_row simple_background_color=&#8221;#f7f8f9&#8243;][vc_column][vc_empty_space height=&#8221;60px&#8221;][\/vc_column][\/vc_row][vc_row content_placement=&#8221;top&#8221; row_content_width=&#8221;grid&#8221; css=&#8221;.vc_custom_1681952780682{padding-top: 138px !important;}&#8221; el_id=&#8221;colour&#8221;][vc_column offset=&#8221;vc_col-lg-offset-0 vc_col-lg-5 vc_col-md-offset-0 vc_col-md-12 vc_col-sm-offset-0 vc_col-xs-12&#8243;]<div class=\"mkdf-single-image-holder   \">\n    <div class=\"mkdf-si-inner\" >\n                                            <img loading=\"lazy\" decoding=\"async\" width=\"550\" height=\"367\" src=\"https:\/\/www.factohair.com\/wp-content\/uploads\/2023\/04\/5.jpg\" class=\"attachment-full size-full\" alt=\"\" srcset=\"https:\/\/www.factohair.com\/wp-content\/uploads\/2023\/04\/5.jpg 550w, https:\/\/www.factohair.com\/wp-content\/uploads\/2023\/04\/5-300x200.jpg 300w\" sizes=\"auto, (max-width: 550px) 100vw, 550px\" \/>                                    <\/div>\n<\/div>[vc_empty_space height=&#8221;16px&#8221;][\/vc_column][vc_column offset=&#8221;vc_col-lg-offset-0 vc_col-lg-7 vc_col-md-offset-0 vc_col-md-12 vc_col-sm-offset-0 vc_col-xs-12&#8243; css=&#8221;.vc_custom_1522846078380{margin-top: -11px !important;padding-left: 20px !important;}&#8221;][vc_column_text]<\/p>\n<h4><strong>SERVI\u00c7OS DE COR PREMIUM<\/strong><\/h4>\n<p>Gloss <strong>55\u20ac &#8211; 75\u20ac<\/strong><br \/>\nTinta Cabe\u00e7a Completa <strong>60\u20ac &#8211; 80\u20ac<\/strong><br \/>\nTinta Ra\u00edzes <strong>45\u20ac &#8211; 60\u20ac<\/strong><br \/>\nShinefinity Glaze <strong>38\u20ac &#8211; 50\u20ac<\/strong><br \/>\nDescolora\u00e7\u00e3o Ra\u00edzes <strong>60\u20ac &#8211; 80\u20ac<\/strong><br \/>\nDescolora\u00e7\u00e3o Total desde <strong> 90\u20ac *<\/strong><br \/>\nCorre\u00e7\u00e3o de cor *<\/p>\n<pre>* Pre\u00e7o sob consulta pr\u00e9via com cliente<\/pre>\n<p><strong>MADEIXAS<\/strong><br \/>\nSec\u00e7\u00e3o Face Framing <strong>60\u20ac &#8211; 80\u20ac<\/strong><br \/>\nMetade da Cabe\u00e7a <strong>80\u20ac &#8211; 95\u20ac<\/strong><br \/>\nCabe\u00e7a Completa <strong>desde 110\u20ac *<\/strong><br \/>\nBalayage <strong>desde 110\u20ac *<\/strong><br \/>\nToner Tratamento com cor <strong>25\u20ac &#8211; 38\u20ac<\/strong><br \/>\nCom Blow Dry Completo <strong>20\u20ac &#8211; 30\u20ac<\/strong><br \/>\nCom tratamento BlondorPlex <strong>+ 25\u20ac<\/strong><\/p>\n<p><strong>* Op\u00e7\u00f5es Vegan e Org\u00e2nicas by Wella<br \/>\nPergunta ao teu hairstylist<\/strong><\/p>\n<pre>* Pre\u00e7o sob consulta pr\u00e9via com cliente<\/pre>\n<p>[\/vc_column_text][\/vc_column][\/vc_row][vc_row][vc_column][vc_empty_space height=&#8221;60px&#8221;][\/vc_column][\/vc_row][vc_row content_placement=&#8221;top&#8221; row_content_width=&#8221;grid&#8221; css=&#8221;.vc_custom_1681952800664{padding-top: 138px !important;}&#8221; simple_background_color=&#8221;#f7f8f9&#8243; el_id=&#8221;treatment&#8221;][vc_column offset=&#8221;vc_col-lg-offset-0 vc_col-lg-5 vc_col-md-offset-0 vc_col-md-12 vc_col-sm-offset-0 vc_col-xs-12&#8243;]<div class=\"mkdf-single-image-holder   \">\n    <div class=\"mkdf-si-inner\" >\n                                            <img loading=\"lazy\" decoding=\"async\" width=\"550\" height=\"367\" src=\"https:\/\/www.factohair.com\/wp-content\/uploads\/2023\/04\/6_por-filtro-mais-vivido_.jpg\" class=\"attachment-full size-full\" alt=\"\" srcset=\"https:\/\/www.factohair.com\/wp-content\/uploads\/2023\/04\/6_por-filtro-mais-vivido_.jpg 550w, https:\/\/www.factohair.com\/wp-content\/uploads\/2023\/04\/6_por-filtro-mais-vivido_-300x200.jpg 300w\" sizes=\"auto, (max-width: 550px) 100vw, 550px\" \/>                                    <\/div>\n<\/div>[vc_empty_space height=&#8221;16px&#8221;][\/vc_column][vc_column offset=&#8221;vc_col-lg-offset-0 vc_col-lg-7 vc_col-md-offset-0 vc_col-md-12 vc_col-sm-offset-0 vc_col-xs-12&#8243; css=&#8221;.vc_custom_1522846078380{margin-top: -11px !important;padding-left: 20px !important;}&#8221;][vc_column_text]<\/p>\n<h4><strong>HAIRCARE TRATAMENTO<\/strong><\/h4>\n<p>Botox Alisamento Org\u00e2nico <strong>150\u20ac &#8211; 240\u20ac<\/strong><br \/>\nM\u00e1scaras de Tratamento Intensivas (Sebastian, Wella e Label.M) <strong>19\u20ac &#8211; 25\u20ac<\/strong><br \/>\nLiquid Hair (Tratamento Intensivo com Keratina e Amino\u00e1cidos) <strong>35\u20ac &#8211; 45\u20ac<\/strong><br \/>\nWellaplex Tratamento Intensivo de Reestrutura\u00e7\u00e3o Capilar<br \/>\n( Intensive Restorative Treatment) <strong>28\u20ac &#8211; 40\u20ac<\/strong><\/p>\n<p><strong>STYLING<\/strong><br \/>\nBrushing <strong>25\u20ac &#8211; 50\u20ac<\/strong><br \/>\nPenteados <strong>50\u20ac &#8211; 95\u20ac<\/strong><br \/>\nFranja <strong>15\u20ac &#8211; 20\u20ac<\/strong><\/p>\n<p>[\/vc_column_text][\/vc_column][\/vc_row][vc_row disable_element=&#8221;yes&#8221; simple_background_color=&#8221;#f7f8f9&#8243;][vc_column][vc_empty_space height=&#8221;60px&#8221;][\/vc_column][\/vc_row][vc_row content_placement=&#8221;top&#8221; disable_element=&#8221;yes&#8221; row_content_width=&#8221;grid&#8221; css=&#8221;.vc_custom_1748726182000{padding-top: 138px !important;}&#8221;][vc_column offset=&#8221;vc_col-lg-offset-0 vc_col-lg-5 vc_col-md-offset-0 vc_col-md-12 vc_col-sm-offset-0 vc_col-xs-12&#8243;]<div class=\"mkdf-single-image-holder   \">\n    <div class=\"mkdf-si-inner\" >\n                                            <img loading=\"lazy\" decoding=\"async\" width=\"550\" height=\"367\" src=\"https:\/\/www.factohair.com\/wp-content\/uploads\/2023\/05\/students.jpg\" class=\"attachment-full size-full\" alt=\"\" srcset=\"https:\/\/www.factohair.com\/wp-content\/uploads\/2023\/05\/students.jpg 550w, https:\/\/www.factohair.com\/wp-content\/uploads\/2023\/05\/students-300x200.jpg 300w\" sizes=\"auto, (max-width: 550px) 100vw, 550px\" \/>                                    <\/div>\n<\/div>[vc_empty_space height=&#8221;16px&#8221;][\/vc_column][vc_column offset=&#8221;vc_col-lg-offset-0 vc_col-lg-7 vc_col-md-offset-0 vc_col-md-12 vc_col-sm-offset-0 vc_col-xs-12&#8243; css=&#8221;.vc_custom_1522846078380{margin-top: -11px !important;padding-left: 20px !important;}&#8221;][vc_column_text]<\/p>\n<h4><strong>DESCONTO DE ESTUDANTES<\/strong><\/h4>\n<p><strong>20% de desconto em corte*<\/strong><\/p>\n<p>[\/vc_column_text][\/vc_column][\/vc_row][vc_row simple_background_color=&#8221;#f7f8f9&#8243;][vc_column][vc_empty_space height=&#8221;60px&#8221;][\/vc_column][\/vc_row][vc_row content_placement=&#8221;middle&#8221; simple_background_color=&#8221;#f7f8f9&#8243; el_id=&#8221;button_book&#8221;][vc_column width=&#8221;1\/4&#8243;][\/vc_column][vc_column width=&#8221;1\/2&#8243; el_class=&#8221;centercolumn&#8221;]<a itemprop=\"url\" href=\"https:\/\/pt.zappysoftware.com\/m\/factohair\" target=\"_blank\" style=\"background-color: #dd3333\" class=\"mkdf-btn mkdf-btn-large mkdf-btn-solid mkdf-btn-custom-hover-bg\" data-hover-bg-color=\"#dd3333\" >\n    <span class=\"mkdf-btn-text\">MARCA\u00c7\u00d5ES ONLINE FACTO Bairro Alto<\/span>\n    <\/a>[vc_empty_space height=&#8221;65px&#8221;][\/vc_column][vc_column width=&#8221;1\/4&#8243;][\/vc_column][\/vc_row]<\/p>\n","protected":false},"excerpt":{"rendered":"<p>[vc_row content_placement=&#8221;top&#8221; row_content_width=&#8221;grid&#8221; css=&#8221;.vc_custom_1681952603076{padding-top: 138px !important;}&#8221; simple_background_color=&#8221;#f7f8f9&#8243;][vc_column offset=&#8221;vc_col-lg-offset-0 vc_col-lg-5 vc_col-md-offset-0 vc_col-md-12 vc_col-sm-offset-0 vc_col-xs-12&#8243;][vc_empty_space height=&#8221;16px&#8221;][\/vc_column][vc_column offset=&#8221;vc_col-lg-offset-0 vc_col-lg-7 vc_col-md-offset-0 vc_col-md-12 vc_col-sm-offset-0 vc_col-xs-12&#8243; css=&#8221;.vc_custom_1522846078380{margin-top: -11px !important;padding-left: 20px !important;}&#8221;][vc_column_text] CORTE DE CABELO FACTO SIGNATURE Inclui Shampoo, Corte, Brushing e Styling 60 min MANAGING\u00a0 DIRECTOR [&hellip;]<\/p>\n","protected":false},"author":1,"featured_media":0,"parent":0,"menu_order":0,"comment_status":"closed","ping_status":"closed","template":"full-width.php","meta":{"footnotes":""},"class_list":["post-5492","page","type-page","status-publish","hentry"],"yoast_head":"<!-- This site is optimized with the Yoast SEO plugin v22.4 - https:\/\/yoast.com\/wordpress\/plugins\/seo\/ -->\n<title>Lista de Pre\u00e7os - Facto Hair<\/title>\n<meta name=\"robots\" content=\"index, follow, max-snippet:-1, max-image-preview:large, max-video-preview:-1\" \/>\n<link rel=\"canonical\" href=\"https:\/\/www.factohair.com\/pt-pt\/lista-de-precos\/\" \/>\n<meta property=\"og:locale\" content=\"pt_PT\" \/>\n<meta property=\"og:type\" content=\"article\" \/>\n<meta property=\"og:title\" content=\"Lista de Pre\u00e7os - Facto Hair\" \/>\n<meta property=\"og:description\" content=\"[vc_row content_placement=&#8221;top&#8221; row_content_width=&#8221;grid&#8221; css=&#8221;.vc_custom_1681952603076{padding-top: 138px !important;}&#8221; simple_background_color=&#8221;#f7f8f9&#8243;][vc_column offset=&#8221;vc_col-lg-offset-0 vc_col-lg-5 vc_col-md-offset-0 vc_col-md-12 vc_col-sm-offset-0 vc_col-xs-12&#8243;][vc_empty_space height=&#8221;16px&#8221;][\/vc_column][vc_column offset=&#8221;vc_col-lg-offset-0 vc_col-lg-7 vc_col-md-offset-0 vc_col-md-12 vc_col-sm-offset-0 vc_col-xs-12&#8243; css=&#8221;.vc_custom_1522846078380{margin-top: -11px !important;padding-left: 20px !important;}&#8221;][vc_column_text] CORTE DE CABELO FACTO SIGNATURE Inclui Shampoo, Corte, Brushing e Styling 60 min MANAGING\u00a0 DIRECTOR [&hellip;]\" \/>\n<meta property=\"og:url\" content=\"https:\/\/www.factohair.com\/pt-pt\/lista-de-precos\/\" \/>\n<meta property=\"og:site_name\" content=\"Facto Hair\" \/>\n<meta property=\"article:modified_time\" content=\"2026-02-09T12:53:56+00:00\" \/>\n<meta name=\"twitter:card\" content=\"summary_large_image\" \/>\n<meta name=\"twitter:label1\" content=\"Tempo estimado de leitura\" \/>\n\t<meta name=\"twitter:data1\" content=\"3 minutos\" \/>\n<script type=\"application\/ld+json\" class=\"yoast-schema-graph\">{\"@context\":\"https:\/\/schema.org\",\"@graph\":[{\"@type\":\"WebPage\",\"@id\":\"https:\/\/www.factohair.com\/pt-pt\/lista-de-precos\/\",\"url\":\"https:\/\/www.factohair.com\/pt-pt\/lista-de-precos\/\",\"name\":\"Lista de Pre\u00e7os - Facto Hair\",\"isPartOf\":{\"@id\":\"https:\/\/www.factohair.com\/pt-pt\/#website\"},\"datePublished\":\"2018-04-03T09:00:22+00:00\",\"dateModified\":\"2026-02-09T12:53:56+00:00\",\"breadcrumb\":{\"@id\":\"https:\/\/www.factohair.com\/pt-pt\/lista-de-precos\/#breadcrumb\"},\"inLanguage\":\"pt-PT\",\"potentialAction\":[{\"@type\":\"ReadAction\",\"target\":[\"https:\/\/www.factohair.com\/pt-pt\/lista-de-precos\/\"]}]},{\"@type\":\"BreadcrumbList\",\"@id\":\"https:\/\/www.factohair.com\/pt-pt\/lista-de-precos\/#breadcrumb\",\"itemListElement\":[{\"@type\":\"ListItem\",\"position\":1,\"name\":\"Home\",\"item\":\"https:\/\/www.factohair.com\/pt-pt\/\"},{\"@type\":\"ListItem\",\"position\":2,\"name\":\"Lista de Pre\u00e7os\"}]},{\"@type\":\"WebSite\",\"@id\":\"https:\/\/www.factohair.com\/pt-pt\/#website\",\"url\":\"https:\/\/www.factohair.com\/pt-pt\/\",\"name\":\"Facto Hair\",\"description\":\"\",\"potentialAction\":[{\"@type\":\"SearchAction\",\"target\":{\"@type\":\"EntryPoint\",\"urlTemplate\":\"https:\/\/www.factohair.com\/pt-pt\/?s={search_term_string}\"},\"query-input\":\"required name=search_term_string\"}],\"inLanguage\":\"pt-PT\"}]}<\/script>\n<!-- \/ Yoast SEO plugin. -->","yoast_head_json":{"title":"Lista de Pre\u00e7os - Facto Hair","robots":{"index":"index","follow":"follow","max-snippet":"max-snippet:-1","max-image-preview":"max-image-preview:large","max-video-preview":"max-video-preview:-1"},"canonical":"https:\/\/www.factohair.com\/pt-pt\/lista-de-precos\/","og_locale":"pt_PT","og_type":"article","og_title":"Lista de Pre\u00e7os - Facto Hair","og_description":"[vc_row content_placement=&#8221;top&#8221; row_content_width=&#8221;grid&#8221; css=&#8221;.vc_custom_1681952603076{padding-top: 138px !important;}&#8221; simple_background_color=&#8221;#f7f8f9&#8243;][vc_column offset=&#8221;vc_col-lg-offset-0 vc_col-lg-5 vc_col-md-offset-0 vc_col-md-12 vc_col-sm-offset-0 vc_col-xs-12&#8243;][vc_empty_space height=&#8221;16px&#8221;][\/vc_column][vc_column offset=&#8221;vc_col-lg-offset-0 vc_col-lg-7 vc_col-md-offset-0 vc_col-md-12 vc_col-sm-offset-0 vc_col-xs-12&#8243; css=&#8221;.vc_custom_1522846078380{margin-top: -11px !important;padding-left: 20px !important;}&#8221;][vc_column_text] CORTE DE CABELO FACTO SIGNATURE Inclui Shampoo, Corte, Brushing e Styling 60 min MANAGING\u00a0 DIRECTOR [&hellip;]","og_url":"https:\/\/www.factohair.com\/pt-pt\/lista-de-precos\/","og_site_name":"Facto Hair","article_modified_time":"2026-02-09T12:53:56+00:00","twitter_card":"summary_large_image","twitter_misc":{"Tempo estimado de leitura":"3 minutos"},"schema":{"@context":"https:\/\/schema.org","@graph":[{"@type":"WebPage","@id":"https:\/\/www.factohair.com\/pt-pt\/lista-de-precos\/","url":"https:\/\/www.factohair.com\/pt-pt\/lista-de-precos\/","name":"Lista de Pre\u00e7os - Facto Hair","isPartOf":{"@id":"https:\/\/www.factohair.com\/pt-pt\/#website"},"datePublished":"2018-04-03T09:00:22+00:00","dateModified":"2026-02-09T12:53:56+00:00","breadcrumb":{"@id":"https:\/\/www.factohair.com\/pt-pt\/lista-de-precos\/#breadcrumb"},"inLanguage":"pt-PT","potentialAction":[{"@type":"ReadAction","target":["https:\/\/www.factohair.com\/pt-pt\/lista-de-precos\/"]}]},{"@type":"BreadcrumbList","@id":"https:\/\/www.factohair.com\/pt-pt\/lista-de-precos\/#breadcrumb","itemListElement":[{"@type":"ListItem","position":1,"name":"Home","item":"https:\/\/www.factohair.com\/pt-pt\/"},{"@type":"ListItem","position":2,"name":"Lista de Pre\u00e7os"}]},{"@type":"WebSite","@id":"https:\/\/www.factohair.com\/pt-pt\/#website","url":"https:\/\/www.factohair.com\/pt-pt\/","name":"Facto Hair","description":"","potentialAction":[{"@type":"SearchAction","target":{"@type":"EntryPoint","urlTemplate":"https:\/\/www.factohair.com\/pt-pt\/?s={search_term_string}"},"query-input":"required name=search_term_string"}],"inLanguage":"pt-PT"}]}},"_links":{"self":[{"href":"https:\/\/www.factohair.com\/pt-pt\/wp-json\/wp\/v2\/pages\/5492","targetHints":{"allow":["GET"]}}],"collection":[{"href":"https:\/\/www.factohair.com\/pt-pt\/wp-json\/wp\/v2\/pages"}],"about":[{"href":"https:\/\/www.factohair.com\/pt-pt\/wp-json\/wp\/v2\/types\/page"}],"author":[{"embeddable":true,"href":"https:\/\/www.factohair.com\/pt-pt\/wp-json\/wp\/v2\/users\/1"}],"replies":[{"embeddable":true,"href":"https:\/\/www.factohair.com\/pt-pt\/wp-json\/wp\/v2\/comments?post=5492"}],"version-history":[{"count":10,"href":"https:\/\/www.factohair.com\/pt-pt\/wp-json\/wp\/v2\/pages\/5492\/revisions"}],"predecessor-version":[{"id":6614,"href":"https:\/\/www.factohair.com\/pt-pt\/wp-json\/wp\/v2\/pages\/5492\/revisions\/6614"}],"wp:attachment":[{"href":"https:\/\/www.factohair.com\/pt-pt\/wp-json\/wp\/v2\/media?parent=5492"}],"curies":[{"name":"wp","href":"https:\/\/api.w.org\/{rel}","templated":true}]}}